{"id":2056,"date":"2024-07-03T08:22:33","date_gmt":"2024-07-03T08:22:33","guid":{"rendered":"https:\/\/kodawariresidences.com\/contactos\/"},"modified":"2024-12-26T11:17:16","modified_gmt":"2024-12-26T11:17:16","slug":"contactos","status":"publish","type":"page","link":"https:\/\/kodawariresidences.com\/pt-pt\/contactos\/","title":{"rendered":"Contactos"},"content":{"rendered":"\t\t<div data-elementor-type=\"wp-page\" data-elementor-id=\"2056\" class=\"elementor elementor-2056 elementor-773\" data-elementor-post-type=\"page\">\n\t\t\t\t<div class=\"elementor-element elementor-element-31d2155 e-flex e-con-boxed e-con e-parent\" data-id=\"31d2155\" data-element_type=\"container\" data-settings=\"{&quot;background_background&quot;:&quot;classic&quot;}\">\n\t\t\t\t\t<div class=\"e-con-inner\">\n\t\t\t\t<div class=\"elementor-element elementor-element-0183af0 elementor-widget elementor-widget-heading\" data-id=\"0183af0\" data-element_type=\"widget\" data-widget_type=\"heading.default\">\n\t\t\t\t<div class=\"elementor-widget-container\">\n\t\t\t\t\t<h2 class=\"elementor-heading-title elementor-size-default\">Entre em contacto.<\/h2>\t\t\t\t<\/div>\n\t\t\t\t<\/div>\n\t\t\t\t<div class=\"elementor-element elementor-element-388 elementor-widget-mobile__width-initial elementor-absolute e-transform book-now-btn elementor-widget elementor-widget-global elementor-global-2021 elementor-global-388 elementor-widget-button\" data-id=\"388\" data-element_type=\"widget\" data-settings=\"{&quot;_position&quot;:&quot;absolute&quot;,&quot;_transform_translateX_effect&quot;:{&quot;unit&quot;:&quot;%&quot;,&quot;size&quot;:50,&quot;sizes&quot;:[]},&quot;_transform_translateX_effect_tablet&quot;:{&quot;unit&quot;:&quot;%&quot;,&quot;size&quot;:&quot;&quot;,&quot;sizes&quot;:[]},&quot;_transform_translateX_effect_mobile&quot;:{&quot;unit&quot;:&quot;%&quot;,&quot;size&quot;:62,&quot;sizes&quot;:[]},&quot;_transform_translateY_effect&quot;:{&quot;unit&quot;:&quot;px&quot;,&quot;size&quot;:&quot;&quot;,&quot;sizes&quot;:[]},&quot;_transform_translateY_effect_tablet&quot;:{&quot;unit&quot;:&quot;px&quot;,&quot;size&quot;:&quot;&quot;,&quot;sizes&quot;:[]},&quot;_transform_translateY_effect_mobile&quot;:{&quot;unit&quot;:&quot;px&quot;,&quot;size&quot;:&quot;&quot;,&quot;sizes&quot;:[]}}\" data-widget_type=\"button.default\">\n\t\t\t\t<div class=\"elementor-widget-container\">\n\t\t\t\t\t\t\t\t\t<div class=\"elementor-button-wrapper\">\n\t\t\t\t\t<a class=\"elementor-button elementor-button-link elementor-size-sm\" href=\"https:\/\/booking.kodawariresidences.com\/disponibilidade.html\" target=\"_blank\" rel=\"noopener noreferrer nofollow\">\n\t\t\t\t\t\t<span class=\"elementor-button-content-wrapper\">\n\t\t\t\t\t\t<span class=\"elementor-button-icon\">\n\t\t\t\t<svg xmlns=\"http:\/\/www.w3.org\/2000\/svg\" width=\"28\" height=\"28\" viewBox=\"0 0 28 28\" fill=\"none\"><path fill-rule=\"evenodd\" clip-rule=\"evenodd\" d=\"M23.4762 15.8925C23.5661 15.8027 23.618 15.6814 23.6198 15.5549L23.1782 5.22652C23.1787 5.16491 23.1673 5.10389 23.1444 5.0469C23.1211 4.98897 23.0864 4.93642 23.0423 4.89233C22.9983 4.84823 22.9457 4.81357 22.8878 4.79027C22.8306 4.76728 22.7693 4.75584 22.7075 4.75645L12.5148 4.44531L12.5104 4.44538C12.3839 4.44717 12.2626 4.49907 12.1727 4.58895C12.0828 4.67883 12.0309 4.8001 12.0291 4.9266C12.0274 5.05324 12.076 5.17479 12.1652 5.26396C12.2537 5.3525 12.3742 5.40107 12.4999 5.39999L21.553 5.71496L4.52371 22.7443C4.43394 22.834 4.38209 22.9552 4.3803 23.0815C4.3785 23.208 4.42708 23.3295 4.51615 23.4185C4.60522 23.5076 4.72664 23.5562 4.85314 23.5544C4.9795 23.5526 5.10063 23.5007 5.19041 23.411L22.2226 6.37874L22.6652 15.5661C22.6643 15.6915 22.7129 15.8117 22.8012 15.9001C22.8904 15.9893 23.012 16.0379 23.1386 16.0361C23.2651 16.0343 23.3864 15.9824 23.4762 15.8925Z\" fill=\"\"><\/path><\/svg>\t\t\t<\/span>\n\t\t\t\t\t\t\t\t\t<span class=\"elementor-button-text\">Reserve Agora<\/span>\n\t\t\t\t\t<\/span>\n\t\t\t\t\t<\/a>\n\t\t\t\t<\/div>\n\t\t\t\t\t\t\t\t<\/div>\n\t\t\t\t<\/div>\n\t\t\t\t\t<\/div>\n\t\t\t\t<\/div>\n\t\t<div class=\"elementor-element elementor-element-a951edd e-grid e-con-boxed e-con e-parent\" data-id=\"a951edd\" data-element_type=\"container\">\n\t\t\t\t\t<div class=\"e-con-inner\">\n\t\t<div class=\"elementor-element elementor-element-6de6f88 e-con-full e-flex e-con e-child\" data-id=\"6de6f88\" data-element_type=\"container\">\n\t\t\t\t<div class=\"elementor-element elementor-element-cb1e3d5 elementor-widget__width-initial elementor-widget elementor-widget-heading\" data-id=\"cb1e3d5\" data-element_type=\"widget\" data-widget_type=\"heading.default\">\n\t\t\t\t<div class=\"elementor-widget-container\">\n\t\t\t\t\t<h2 class=\"elementor-heading-title elementor-size-default\">Para quaisquer quest\u00f5es ou d\u00favidas relativas \u00e0 sua reserva, n\u00e3o hesite em contactar-nos.<\/h2>\t\t\t\t<\/div>\n\t\t\t\t<\/div>\n\t\t\t\t<div class=\"elementor-element elementor-element-c9b0a8f elementor-button-align-start elementor-widget__width-initial elementor-widget elementor-widget-form\" data-id=\"c9b0a8f\" data-element_type=\"widget\" data-settings=\"{&quot;step_next_label&quot;:&quot;Seguinte&quot;,&quot;step_previous_label&quot;:&quot;Anterior&quot;,&quot;button_width&quot;:&quot;100&quot;,&quot;step_type&quot;:&quot;number_text&quot;,&quot;step_icon_shape&quot;:&quot;circle&quot;}\" data-widget_type=\"form.default\">\n\t\t\t\t<div class=\"elementor-widget-container\">\n\t\t\t\t\t\t\t<form class=\"elementor-form\" method=\"post\" id=\"contact_form_01\" name=\"New Form\">\n\t\t\t<input type=\"hidden\" name=\"post_id\" value=\"2056\"\/>\n\t\t\t<input type=\"hidden\" name=\"form_id\" value=\"c9b0a8f\"\/>\n\t\t\t<input type=\"hidden\" name=\"referer_title\" value=\"\" \/>\n\n\t\t\t\n\t\t\t<div class=\"elementor-form-fields-wrapper elementor-labels-above\">\n\t\t\t\t\t\t\t\t<div class=\"elementor-field-type-text elementor-field-group elementor-column elementor-field-group-name elementor-col-100 elementor-field-required\">\n\t\t\t\t\t\t\t\t\t\t\t\t<label for=\"form-field-name\" class=\"elementor-field-label\">\n\t\t\t\t\t\t\t\tNome\t\t\t\t\t\t\t<\/label>\n\t\t\t\t\t\t\t\t\t\t\t\t\t\t<input size=\"1\" type=\"text\" name=\"form_fields[name]\" id=\"form-field-name\" class=\"elementor-field elementor-size-sm  elementor-field-textual\" placeholder=\"Insira o seu nome*\" required=\"required\" aria-required=\"true\">\n\t\t\t\t\t\t\t\t\t\t\t<\/div>\n\t\t\t\t\t\t\t\t<div class=\"elementor-field-type-email elementor-field-group elementor-column elementor-field-group-email elementor-col-100 elementor-field-required\">\n\t\t\t\t\t\t\t\t\t\t\t\t<label for=\"form-field-email\" class=\"elementor-field-label\">\n\t\t\t\t\t\t\t\tEmail\t\t\t\t\t\t\t<\/label>\n\t\t\t\t\t\t\t\t\t\t\t\t\t\t<input size=\"1\" type=\"email\" name=\"form_fields[email]\" id=\"form-field-email\" class=\"elementor-field elementor-size-sm  elementor-field-textual\" placeholder=\"Insira o seu e-mail*\" required=\"required\" aria-required=\"true\">\n\t\t\t\t\t\t\t\t\t\t\t<\/div>\n\t\t\t\t\t\t\t\t<div class=\"elementor-field-type-tel elementor-field-group elementor-column elementor-field-group-field_00189da elementor-col-100 elementor-field-required\">\n\t\t\t\t\t\t\t\t\t\t\t\t<label for=\"form-field-field_00189da\" class=\"elementor-field-label\">\n\t\t\t\t\t\t\t\tTelefone\t\t\t\t\t\t\t<\/label>\n\t\t\t\t\t\t\t\t<input size=\"1\" type=\"tel\" name=\"form_fields[field_00189da]\" id=\"form-field-field_00189da\" class=\"elementor-field elementor-size-sm  elementor-field-textual\" placeholder=\"Insira o seu n\u00ba de telem\u00f3vel*\" required=\"required\" aria-required=\"true\" pattern=\"[0-9()#&amp;+*-=.]+\" title=\"Only numbers and phone characters (#, -, *, etc) are accepted.\">\n\n\t\t\t\t\t\t<\/div>\n\t\t\t\t\t\t\t\t<div class=\"elementor-field-type-text elementor-field-group elementor-column elementor-field-group-field_9fd4d9a elementor-col-100\">\n\t\t\t\t\t\t\t\t\t\t\t\t<label for=\"form-field-field_9fd4d9a\" class=\"elementor-field-label\">\n\t\t\t\t\t\t\t\tAssunto\t\t\t\t\t\t\t<\/label>\n\t\t\t\t\t\t\t\t\t\t\t\t\t\t<input size=\"1\" type=\"text\" name=\"form_fields[field_9fd4d9a]\" id=\"form-field-field_9fd4d9a\" class=\"elementor-field elementor-size-sm  elementor-field-textual\" placeholder=\"Assunto\">\n\t\t\t\t\t\t\t\t\t\t\t<\/div>\n\t\t\t\t\t\t\t\t<div class=\"elementor-field-type-textarea elementor-field-group elementor-column elementor-field-group-message elementor-col-100\">\n\t\t\t\t\t\t\t\t\t\t\t\t<label for=\"form-field-message\" class=\"elementor-field-label\">\n\t\t\t\t\t\t\t\tMensagem\t\t\t\t\t\t\t<\/label>\n\t\t\t\t\t\t<textarea class=\"elementor-field-textual elementor-field  elementor-size-sm\" name=\"form_fields[message]\" id=\"form-field-message\" rows=\"1\" placeholder=\"Escreva aqui a sua mensagem.\"><\/textarea>\t\t\t\t<\/div>\n\t\t\t\t\t\t\t\t<div class=\"elementor-field-type-checkbox elementor-field-group elementor-column elementor-field-group-newsletter_optin_true elementor-col-100\">\n\t\t\t\t\t<div class=\"elementor-field-subgroup  \"><span class=\"elementor-field-option\"><input type=\"checkbox\" value=\"Quero receber a Newsletter Kodawari.\" id=\"form-field-newsletter_optin_true-0\" name=\"form_fields[newsletter_optin_true]\"> <label for=\"form-field-newsletter_optin_true-0\">Quero receber a Newsletter Kodawari.<\/label><\/span><\/div>\t\t\t\t<\/div>\n\t\t\t\t\t\t\t\t<div class=\"elementor-field-type-acceptance elementor-field-group elementor-column elementor-field-group-field_8b946ba elementor-col-100 elementor-field-required\">\n\t\t\t\t\t\t\t<div class=\"elementor-field-subgroup\">\n\t\t\t<span class=\"elementor-field-option\">\n\t\t\t\t<input type=\"checkbox\" name=\"form_fields[field_8b946ba]\" id=\"form-field-field_8b946ba\" class=\"elementor-field elementor-size-sm  elementor-acceptance-field\" required=\"required\" aria-required=\"true\">\n\t\t\t\t<label for=\"form-field-field_8b946ba\">Li e aceito a <a href=\"https:\/\/kodawariresidences.com\/privacy-policy\/\" target=\"_blank\">Pol\u00edtica de Privacidade<\/a>.<\/label>\t\t\t<\/span>\n\t\t<\/div>\n\t\t\t\t\t\t<\/div>\n\t\t\t\t\t\t\t\t<div class=\"elementor-field-type-text\">\n\t\t\t\t\t<input size=\"1\" type=\"text\" name=\"form_fields[field_b9e915a]\" id=\"form-field-field_b9e915a\" class=\"elementor-field elementor-size-sm \" style=\"display:none !important;\">\t\t\t\t<\/div>\n\t\t\t\t\t\t\t\t<div class=\"elementor-field-type-recaptcha_v3 elementor-field-group elementor-column elementor-field-group-field_5e304da elementor-col-100 recaptcha_v3-bottomright\">\n\t\t\t\t\t<div class=\"elementor-field\" id=\"form-field-field_5e304da\"><div class=\"elementor-g-recaptcha\" data-sitekey=\"6LcU4HUqAAAAAPPWSuN5lsotI3BQMnvg2dWZwM_m\" data-type=\"v3\" data-action=\"Form\" data-badge=\"bottomright\" data-size=\"invisible\"><\/div><\/div>\t\t\t\t<\/div>\n\t\t\t\t\t\t\t\t<div class=\"elementor-field-group elementor-column elementor-field-type-submit elementor-col-100 e-form__buttons\">\n\t\t\t\t\t<button class=\"elementor-button elementor-size-sm\" type=\"submit\">\n\t\t\t\t\t\t<span class=\"elementor-button-content-wrapper\">\n\t\t\t\t\t\t\t\t\t\t\t\t\t\t\t<span class=\"elementor-button-icon\">\n\t\t\t\t\t\t\t\t\t<svg xmlns=\"http:\/\/www.w3.org\/2000\/svg\" width=\"28\" height=\"28\" viewBox=\"0 0 28 28\" fill=\"none\"><path d=\"M27.9686 14.0537C27.9479 14.1023 27.9176 14.1464 27.8793 14.1835L20.3528 22.3826C20.2756 22.4577 20.1707 22.4999 20.0614 22.4999C19.9522 22.4999 19.8473 22.4577 19.7701 22.3826C19.6928 22.3075 19.6494 22.2056 19.6494 22.0994C19.6494 21.9931 19.6928 21.8912 19.7701 21.8161L26.5948 14.3005H0.411518C0.302375 14.3005 0.197705 14.2584 0.120531 14.1834C0.0433565 14.1084 0 14.0066 0 13.9005C0 13.7945 0.0433561 13.6927 0.120531 13.6177C0.197706 13.5427 0.302377 13.5005 0.411518 13.5005H26.5948L19.7701 6.18376C19.6928 6.10864 19.6494 6.00677 19.6494 5.90056C19.6494 5.79432 19.6928 5.69244 19.7701 5.61732C19.8474 5.5422 19.9522 5.5 20.0615 5.5C20.1708 5.5 20.2756 5.5422 20.3529 5.61732L27.8793 13.6175C27.9176 13.6547 27.9479 13.6988 27.9686 13.7474C27.9893 13.7959 28 13.848 28 13.9005C28 13.9531 27.9893 14.0052 27.9686 14.0537Z\" fill=\"\"><\/path><\/svg>\t\t\t\t\t\t\t\t\t\t\t\t\t\t\t\t\t<\/span>\n\t\t\t\t\t\t\t\t\t\t\t\t\t\t\t\t\t\t\t\t\t\t<span class=\"elementor-button-text\">Enviar<\/span>\n\t\t\t\t\t\t\t\t\t\t\t\t\t<\/span>\n\t\t\t\t\t<\/button>\n\t\t\t\t<\/div>\n\t\t\t<\/div>\n\t\t<\/form>\n\t\t\t\t\t\t<\/div>\n\t\t\t\t<\/div>\n\t\t\t\t<\/div>\n\t\t<div class=\"elementor-element elementor-element-719b85b e-con-full e-flex e-con e-child\" data-id=\"719b85b\" data-element_type=\"container\">\n\t\t\t\t<div class=\"elementor-element elementor-element-65a341b elementor-hidden-mobile elementor-align-center elementor-widget elementor-widget-lottie\" data-id=\"65a341b\" data-element_type=\"widget\" data-settings=\"{&quot;source_json&quot;:{&quot;url&quot;:&quot;https:\\\/\\\/kodawariresidences.com\\\/wp-content\\\/uploads\\\/2024\\\/07\\\/contactos_lottie.json&quot;,&quot;id&quot;:995,&quot;size&quot;:&quot;&quot;,&quot;alt&quot;:&quot;&quot;,&quot;source&quot;:&quot;library&quot;},&quot;loop&quot;:&quot;yes&quot;,&quot;reverse_animation&quot;:&quot;yes&quot;,&quot;source&quot;:&quot;media_file&quot;,&quot;caption_source&quot;:&quot;none&quot;,&quot;link_to&quot;:&quot;none&quot;,&quot;trigger&quot;:&quot;arriving_to_viewport&quot;,&quot;viewport&quot;:{&quot;unit&quot;:&quot;%&quot;,&quot;size&quot;:&quot;&quot;,&quot;sizes&quot;:{&quot;start&quot;:0,&quot;end&quot;:100}},&quot;play_speed&quot;:{&quot;unit&quot;:&quot;px&quot;,&quot;size&quot;:1,&quot;sizes&quot;:[]},&quot;start_point&quot;:{&quot;unit&quot;:&quot;%&quot;,&quot;size&quot;:0,&quot;sizes&quot;:[]},&quot;end_point&quot;:{&quot;unit&quot;:&quot;%&quot;,&quot;size&quot;:100,&quot;sizes&quot;:[]},&quot;renderer&quot;:&quot;svg&quot;}\" data-widget_type=\"lottie.default\">\n\t\t\t\t<div class=\"elementor-widget-container\">\n\t\t\t\t\t<div class=\"e-lottie__container\"><div class=\"e-lottie__animation\"><\/div><\/div>\t\t\t\t<\/div>\n\t\t\t\t<\/div>\n\t\t\t\t<div class=\"elementor-element elementor-element-5079535 elementor-hidden-desktop elementor-hidden-tablet elementor-widget elementor-widget-image\" data-id=\"5079535\" data-element_type=\"widget\" data-widget_type=\"image.default\">\n\t\t\t\t<div class=\"elementor-widget-container\">\n\t\t\t\t\t\t\t\t\t\t\t\t\t\t\t<img alt=\"\" fetchpriority=\"high\" decoding=\"async\" width=\"512\" height=\"512\" src=\"https:\/\/kodawariresidences.com\/wp-content\/uploads\/2024\/05\/kodawari-fav-icon-v2.png\" class=\"attachment-full size-full wp-image-88\" alt=\"\" srcset=\"https:\/\/kodawariresidences.com\/wp-content\/uploads\/2024\/05\/kodawari-fav-icon-v2.png 512w, https:\/\/kodawariresidences.com\/wp-content\/uploads\/2024\/05\/kodawari-fav-icon-v2-300x300.png 300w, https:\/\/kodawariresidences.com\/wp-content\/uploads\/2024\/05\/kodawari-fav-icon-v2-150x150.png 150w\" sizes=\"(max-width: 512px) 100vw, 512px\" loading=\"eager\" \/>\t\t\t\t\t\t\t\t\t\t\t\t\t\t\t<\/div>\n\t\t\t\t<\/div>\n\t\t\t\t<\/div>\n\t\t\t\t\t<\/div>\n\t\t\t\t<\/div>\n\t\t\t\t<\/div>\n\t\t","protected":false},"excerpt":{"rendered":"<p>Entre em contacto. Book Now Para quaisquer quest\u00f5es ou d\u00favidas relativas \u00e0 sua reserva, n\u00e3o hesite em contactar-nos.<\/p>\n","protected":false},"author":1,"featured_media":0,"parent":0,"menu_order":0,"comment_status":"closed","ping_status":"closed","template":"","meta":{"_acf_changed":false,"_seopress_robots_primary_cat":"","_seopress_titles_title":"","_seopress_titles_desc":"Para qualquer d\u00favida ou quest\u00e3o relativa \u00e0 tua reserva, n\u00e3o hesites em contactar-nos.","_seopress_robots_index":"","footnotes":""},"class_list":["post-2056","page","type-page","status-publish","hentry"],"acf":[],"_links":{"self":[{"href":"https:\/\/kodawariresidences.com\/pt-pt\/wp-json\/wp\/v2\/pages\/2056","targetHints":{"allow":["GET"]}}],"collection":[{"href":"https:\/\/kodawariresidences.com\/pt-pt\/wp-json\/wp\/v2\/pages"}],"about":[{"href":"https:\/\/kodawariresidences.com\/pt-pt\/wp-json\/wp\/v2\/types\/page"}],"author":[{"embeddable":true,"href":"https:\/\/kodawariresidences.com\/pt-pt\/wp-json\/wp\/v2\/users\/1"}],"replies":[{"embeddable":true,"href":"https:\/\/kodawariresidences.com\/pt-pt\/wp-json\/wp\/v2\/comments?post=2056"}],"version-history":[{"count":0,"href":"https:\/\/kodawariresidences.com\/pt-pt\/wp-json\/wp\/v2\/pages\/2056\/revisions"}],"wp:attachment":[{"href":"https:\/\/kodawariresidences.com\/pt-pt\/wp-json\/wp\/v2\/media?parent=2056"}],"curies":[{"name":"wp","href":"https:\/\/api.w.org\/{rel}","templated":true}]}}