{"id":2273,"date":"2025-11-20T17:23:08","date_gmt":"2025-11-20T17:23:08","guid":{"rendered":"https:\/\/kodawariresidences.com\/?page_id=2273"},"modified":"2025-11-21T15:13:57","modified_gmt":"2025-11-21T15:13:57","slug":"press-kit","status":"publish","type":"page","link":"https:\/\/kodawariresidences.com\/pt-pt\/press-kit\/","title":{"rendered":"Press Kit"},"content":{"rendered":"\t\t<div data-elementor-type=\"wp-page\" data-elementor-id=\"2273\" class=\"elementor elementor-2273\" data-elementor-post-type=\"page\">\n\t\t\t\t<div class=\"elementor-element elementor-element-31d2155 e-flex e-con-boxed e-con e-parent\" data-id=\"31d2155\" data-element_type=\"container\" data-settings=\"{&quot;background_background&quot;:&quot;classic&quot;}\">\n\t\t\t\t\t<div class=\"e-con-inner\">\n\t\t\t\t<div class=\"elementor-element elementor-element-0183af0 elementor-widget elementor-widget-heading\" data-id=\"0183af0\" data-element_type=\"widget\" data-widget_type=\"heading.default\">\n\t\t\t\t<div class=\"elementor-widget-container\">\n\t\t\t\t\t<h2 class=\"elementor-heading-title elementor-size-default\">Press Kit<\/h2>\t\t\t\t<\/div>\n\t\t\t\t<\/div>\n\t\t\t\t\t<\/div>\n\t\t\t\t<\/div>\n\t\t<div class=\"elementor-element elementor-element-a951edd e-grid e-con-boxed e-con e-parent\" data-id=\"a951edd\" data-element_type=\"container\">\n\t\t\t\t\t<div class=\"e-con-inner\">\n\t\t<div class=\"elementor-element elementor-element-6de6f88 e-con-full e-flex e-con e-child\" data-id=\"6de6f88\" data-element_type=\"container\">\n\t\t\t\t<div class=\"elementor-element elementor-element-14b2c13 elementor-widget__width-initial elementor-widget elementor-widget-text-editor\" data-id=\"14b2c13\" data-element_type=\"widget\" data-widget_type=\"text-editor.default\">\n\t\t\t\t<div class=\"elementor-widget-container\">\n\t\t\t\t\t\t\t\t\t<p>Bem-vindo \u00e0 \u00e1rea de imprensa do Kodawari Residences.<\/p><p>Aqui pode fazer download de informa\u00e7\u00f5es oficiais sobre a marca, conte\u00fados dedicados ao Kodawari Residence Flores e um conjunto de imagens de alta qualidade para utiliza\u00e7\u00e3o editorial.<\/p><p>Tudo o que precisa para conhecer e comunicar o universo Kodawari est\u00e1 reunido nesta p\u00e1gina.\u200b<\/p>\t\t\t\t\t\t\t\t<\/div>\n\t\t\t\t<\/div>\n\t\t\t\t<div class=\"elementor-element elementor-element-ace49aa elementor-widget__width-initial elementor-widget elementor-widget-text-editor\" data-id=\"ace49aa\" data-element_type=\"widget\" data-widget_type=\"text-editor.default\">\n\t\t\t\t<div class=\"elementor-widget-container\">\n\t\t\t\t\t\t\t\t\t<a href=\"https:\/\/kodawariresidences.com\/wp-content\/uploads\/2025\/11\/MEDIA-KIT-KODAWARI.pdf\" target=\"_blank\" rel=\"noopener\">Media kit Kodawari Residences<\/a>\n<br>\n<br>\n<a href=\"https:\/\/kodawariresidences.com\/wp-content\/uploads\/2025\/11\/MEDIA-KIT-KODAWARI-FLORES.pdf\" target=\"_blank\" rel=\"noopener\">Media Kit Kodawari Residences Flores<\/a>\n<br>\n<br>\n<a href=\"https:\/\/kodawariresidences.com\/wp-content\/uploads\/2025\/11\/KodawariResidences-Fotos.zip\" target=\"_blank\" rel=\"noopener\">Imagens de alta qualidade para utiliza\u00e7\u00e3o editorial<\/a>\t\t\t\t\t\t\t\t<\/div>\n\t\t\t\t<\/div>\n\t\t\t\t<\/div>\n\t\t<div class=\"elementor-element elementor-element-719b85b e-con-full e-flex e-con e-child\" data-id=\"719b85b\" data-element_type=\"container\">\n\t\t\t\t<div class=\"elementor-element elementor-element-65a341b elementor-hidden-mobile elementor-align-center elementor-widget elementor-widget-lottie\" data-id=\"65a341b\" data-element_type=\"widget\" data-settings=\"{&quot;source_json&quot;:{&quot;url&quot;:&quot;https:\\\/\\\/kodawariresidences.com\\\/wp-content\\\/uploads\\\/2024\\\/07\\\/contactos_lottie.json&quot;,&quot;id&quot;:995,&quot;size&quot;:&quot;&quot;,&quot;alt&quot;:&quot;&quot;,&quot;source&quot;:&quot;library&quot;},&quot;loop&quot;:&quot;yes&quot;,&quot;reverse_animation&quot;:&quot;yes&quot;,&quot;source&quot;:&quot;media_file&quot;,&quot;caption_source&quot;:&quot;none&quot;,&quot;link_to&quot;:&quot;none&quot;,&quot;trigger&quot;:&quot;arriving_to_viewport&quot;,&quot;viewport&quot;:{&quot;unit&quot;:&quot;%&quot;,&quot;size&quot;:&quot;&quot;,&quot;sizes&quot;:{&quot;start&quot;:0,&quot;end&quot;:100}},&quot;play_speed&quot;:{&quot;unit&quot;:&quot;px&quot;,&quot;size&quot;:1,&quot;sizes&quot;:[]},&quot;start_point&quot;:{&quot;unit&quot;:&quot;%&quot;,&quot;size&quot;:0,&quot;sizes&quot;:[]},&quot;end_point&quot;:{&quot;unit&quot;:&quot;%&quot;,&quot;size&quot;:100,&quot;sizes&quot;:[]},&quot;renderer&quot;:&quot;svg&quot;}\" data-widget_type=\"lottie.default\">\n\t\t\t\t<div class=\"elementor-widget-container\">\n\t\t\t\t\t<div class=\"e-lottie__container\"><div class=\"e-lottie__animation\"><\/div><\/div>\t\t\t\t<\/div>\n\t\t\t\t<\/div>\n\t\t\t\t<div class=\"elementor-element elementor-element-5079535 elementor-hidden-desktop elementor-hidden-tablet elementor-widget elementor-widget-image\" data-id=\"5079535\" data-element_type=\"widget\" data-widget_type=\"image.default\">\n\t\t\t\t<div class=\"elementor-widget-container\">\n\t\t\t\t\t\t\t\t\t\t\t\t\t\t\t<img alt=\"\" fetchpriority=\"high\" decoding=\"async\" width=\"512\" height=\"512\" src=\"https:\/\/kodawariresidences.com\/wp-content\/uploads\/2024\/05\/kodawari-fav-icon-v2.png\" class=\"attachment-full size-full wp-image-88\" alt=\"\" srcset=\"https:\/\/kodawariresidences.com\/wp-content\/uploads\/2024\/05\/kodawari-fav-icon-v2.png 512w, https:\/\/kodawariresidences.com\/wp-content\/uploads\/2024\/05\/kodawari-fav-icon-v2-300x300.png 300w, https:\/\/kodawariresidences.com\/wp-content\/uploads\/2024\/05\/kodawari-fav-icon-v2-150x150.png 150w\" sizes=\"(max-width: 512px) 100vw, 512px\" loading=\"eager\" \/>\t\t\t\t\t\t\t\t\t\t\t\t\t\t\t<\/div>\n\t\t\t\t<\/div>\n\t\t\t\t<\/div>\n\t\t\t\t\t<\/div>\n\t\t\t\t<\/div>\n\t\t\t\t<\/div>\n\t\t","protected":false},"excerpt":{"rendered":"<p>Press Kit Bem-vindo \u00e0 \u00e1rea de imprensa do Kodawari Residences. Aqui pode fazer download de informa\u00e7\u00f5es oficiais sobre a marca, conte\u00fados dedicados ao Kodawari Residence Flores e um conjunto de imagens de alta qualidade para utiliza\u00e7\u00e3o editorial. Tudo o que precisa para conhecer e comunicar o universo Kodawari est\u00e1 reunido nesta p\u00e1gina.\u200b Media kit Kodawari [&hellip;]<\/p>\n","protected":false},"author":1,"featured_media":0,"parent":0,"menu_order":0,"comment_status":"closed","ping_status":"closed","template":"","meta":{"_acf_changed":false,"_seopress_robots_primary_cat":"","_seopress_titles_title":"","_seopress_titles_desc":"For any questions or concerns regarding your booking, please do not hesitate to contact us.","_seopress_robots_index":"","footnotes":""},"class_list":["post-2273","page","type-page","status-publish","hentry"],"acf":[],"_links":{"self":[{"href":"https:\/\/kodawariresidences.com\/pt-pt\/wp-json\/wp\/v2\/pages\/2273","targetHints":{"allow":["GET"]}}],"collection":[{"href":"https:\/\/kodawariresidences.com\/pt-pt\/wp-json\/wp\/v2\/pages"}],"about":[{"href":"https:\/\/kodawariresidences.com\/pt-pt\/wp-json\/wp\/v2\/types\/page"}],"author":[{"embeddable":true,"href":"https:\/\/kodawariresidences.com\/pt-pt\/wp-json\/wp\/v2\/users\/1"}],"replies":[{"embeddable":true,"href":"https:\/\/kodawariresidences.com\/pt-pt\/wp-json\/wp\/v2\/comments?post=2273"}],"version-history":[{"count":23,"href":"https:\/\/kodawariresidences.com\/pt-pt\/wp-json\/wp\/v2\/pages\/2273\/revisions"}],"predecessor-version":[{"id":2311,"href":"https:\/\/kodawariresidences.com\/pt-pt\/wp-json\/wp\/v2\/pages\/2273\/revisions\/2311"}],"wp:attachment":[{"href":"https:\/\/kodawariresidences.com\/pt-pt\/wp-json\/wp\/v2\/media?parent=2273"}],"curies":[{"name":"wp","href":"https:\/\/api.w.org\/{rel}","templated":true}]}}